{"id":10,"date":"2022-07-11T11:48:14","date_gmt":"2022-07-11T11:48:14","guid":{"rendered":"https:\/\/rena.jezik.hr\/?page_id=10"},"modified":"2025-11-26T13:16:20","modified_gmt":"2025-11-26T12:16:20","slug":"suradnici","status":"publish","type":"page","link":"https:\/\/bohem.jezik.hr\/en\/suradnici\/","title":{"rendered":"Research team"},"content":{"rendered":"<div class=\"wp-block-cover alignfull\" style=\"min-height:300px;aspect-ratio:unset;\"><span aria-hidden=\"true\" class=\"wp-block-cover__background has-nv-site-bg-background-color has-background-dim-100 has-background-dim\"><\/span><div class=\"wp-block-cover__inner-container is-layout-flow wp-block-cover-is-layout-flow\">\n<div class=\"wp-block-group\"><div class=\"wp-block-group__inner-container is-layout-flow wp-block-group-is-layout-flow\">\n<h1 class=\"wp-block-heading has-text-align-left has-neve-text-color-color has-text-color\">Research team<\/h1>\n<\/div><\/div>\n<\/div><\/div>\n\n\n\n<div class=\"wp-block-cover alignfull\" style=\"min-height:600px;aspect-ratio:unset;\"><span aria-hidden=\"true\" class=\"wp-block-cover__background has-nv-light-bg-background-color has-background-dim-100 has-background-dim\"><\/span><div class=\"wp-block-cover__inner-container is-layout-flow wp-block-cover-is-layout-flow\">\n<div class=\"wp-block-group\"><div class=\"wp-block-group__inner-container is-layout-flow wp-block-group-is-layout-flow\">\n<div style=\"height:80px\" aria-hidden=\"true\" class=\"wp-block-spacer\"><\/div>\n\n\n\n<div class=\"wp-block-columns is-layout-flex wp-container-core-columns-is-layout-9d6595d7 wp-block-columns-is-layout-flex\">\n<div class=\"wp-block-column is-layout-flow wp-block-column-is-layout-flow\">\n<p class=\"has-neve-link-color-color has-text-color has-medium-font-size\"><strong>project leader<\/strong><\/p>\n\n\n\n<p class=\"has-neve-link-color-color has-text-color\"><a href=\"http:\/\/ihjj.hr\/istrazivac\/martina-kramaric\/52\/\">dr. sc. Martina Kramari\u0107<\/a><\/p>\n\n\n\n<p class=\"has-neve-link-color-color has-text-color\"><strong>project collaborators<\/strong><\/p>\n\n\n\n<p><a href=\"http:\/\/www.slu.cas.cz\/zamestnanci\/cermak.html\">dr. sc. V\u00e1clav \u010cerm\u00e1k<\/a><\/p>\n\n\n\n<p class=\"has-neve-link-color-color has-text-color\"><a href=\"https:\/\/stin.hr\/sadrzaj\/dajana-cosic\/\">Dajana \u0106osi\u0107, mag. educ. philol. graec. et lat.&nbsp;<\/a><\/p>\n\n\n\n<p><a href=\"https:\/\/stin.hr\/sadrzaj\/dr-sc-ana-mihaljevic\/\">dr. sc. Ana Mihaljevi\u0107<\/a><\/p>\n\n\n\n<p><a href=\"https:\/\/ujc.avcr.cz\/zakladni-informace\/pracovnici\/volekova-katerina.html\">dr. sc. Kate\u0159ina Volekov\u00e1<\/a><\/p>\n\n\n\n<p><\/p>\n<\/div>\n<\/div>\n\n\n\n<div style=\"height:40px\" aria-hidden=\"true\" class=\"wp-block-spacer\"><\/div>\n<\/div><\/div>\n<\/div><\/div>","protected":false},"excerpt":{"rendered":"","protected":false},"author":1,"featured_media":0,"parent":0,"menu_order":0,"comment_status":"closed","ping_status":"closed","template":"","meta":{"neve_meta_sidebar":"","neve_meta_container":"","neve_meta_enable_content_width":"on","neve_meta_content_width":100,"neve_meta_title_alignment":"","neve_meta_author_avatar":"","neve_post_elements_order":"","neve_meta_disable_header":"","neve_meta_disable_footer":"","neve_meta_disable_title":"on","footnotes":""},"class_list":["post-10","page","type-page","status-publish","hentry"],"_links":{"self":[{"href":"https:\/\/bohem.jezik.hr\/en\/wp-json\/wp\/v2\/pages\/10","targetHints":{"allow":["GET"]}}],"collection":[{"href":"https:\/\/bohem.jezik.hr\/en\/wp-json\/wp\/v2\/pages"}],"about":[{"href":"https:\/\/bohem.jezik.hr\/en\/wp-json\/wp\/v2\/types\/page"}],"author":[{"embeddable":true,"href":"https:\/\/bohem.jezik.hr\/en\/wp-json\/wp\/v2\/users\/1"}],"replies":[{"embeddable":true,"href":"https:\/\/bohem.jezik.hr\/en\/wp-json\/wp\/v2\/comments?post=10"}],"version-history":[{"count":11,"href":"https:\/\/bohem.jezik.hr\/en\/wp-json\/wp\/v2\/pages\/10\/revisions"}],"predecessor-version":[{"id":568,"href":"https:\/\/bohem.jezik.hr\/en\/wp-json\/wp\/v2\/pages\/10\/revisions\/568"}],"wp:attachment":[{"href":"https:\/\/bohem.jezik.hr\/en\/wp-json\/wp\/v2\/media?parent=10"}],"curies":[{"name":"wp","href":"https:\/\/api.w.org\/{rel}","templated":true}]}}