{"id":12,"date":"2022-07-11T11:48:14","date_gmt":"2022-07-11T11:48:14","guid":{"rendered":"https:\/\/rena.jezik.hr\/?page_id=12"},"modified":"2024-05-15T11:52:52","modified_gmt":"2024-05-15T09:52:52","slug":"izvori","status":"publish","type":"page","link":"https:\/\/bohem.jezik.hr\/en\/izvori\/","title":{"rendered":"Resources"},"content":{"rendered":"<h2 class=\"wp-block-heading\">Dokumenti<\/h2>\n\n\n\n<p><\/p>\n\n\n\n<p><\/p>\n\n\n\n<div style=\"height:100px\" aria-hidden=\"true\" class=\"wp-block-spacer\"><\/div>\n\n\n\n<h2 class=\"wp-block-heading\">Poveznice<\/h2>\n\n\n\n<p><a href=\"http:\/\/ihjj.hr\/\">Institut za hrvatski jezik<\/a><\/p>\n\n\n\n<p><a href=\"https:\/\/stin.hr\/\">Staroslavenski institut<\/a><\/p>\n\n\n\n<p><a href=\"https:\/\/ujc.avcr.cz\/index.html\">\u00dastav pro jazyk \u010desk\u00fd AV\u00a0\u010cR<\/a><\/p>\n\n\n\n<p><a href=\"https:\/\/www.slu.cas.cz\/en\">Slovansk\u00fd \u00fastav\u00a0AV\u00a0\u010cR<\/a><br><\/p>\n\n\n\n<div style=\"height:100px\" aria-hidden=\"true\" class=\"wp-block-spacer\"><\/div>","protected":false},"excerpt":{"rendered":"<p>Dokumenti Poveznice Institut za hrvatski jezik Staroslavenski institut \u00dastav pro jazyk \u010desk\u00fd AV\u00a0\u010cR Slovansk\u00fd \u00fastav\u00a0AV\u00a0\u010cR<\/p>","protected":false},"author":1,"featured_media":0,"parent":0,"menu_order":0,"comment_status":"closed","ping_status":"closed","template":"","meta":{"neve_meta_sidebar":"","neve_meta_container":"","neve_meta_enable_content_width":"on","neve_meta_content_width":100,"neve_meta_title_alignment":"","neve_meta_author_avatar":"","neve_post_elements_order":"","neve_meta_disable_header":"","neve_meta_disable_footer":"","neve_meta_disable_title":"on","footnotes":""},"class_list":["post-12","page","type-page","status-publish","hentry"],"_links":{"self":[{"href":"https:\/\/bohem.jezik.hr\/en\/wp-json\/wp\/v2\/pages\/12","targetHints":{"allow":["GET"]}}],"collection":[{"href":"https:\/\/bohem.jezik.hr\/en\/wp-json\/wp\/v2\/pages"}],"about":[{"href":"https:\/\/bohem.jezik.hr\/en\/wp-json\/wp\/v2\/types\/page"}],"author":[{"embeddable":true,"href":"https:\/\/bohem.jezik.hr\/en\/wp-json\/wp\/v2\/users\/1"}],"replies":[{"embeddable":true,"href":"https:\/\/bohem.jezik.hr\/en\/wp-json\/wp\/v2\/comments?post=12"}],"version-history":[{"count":5,"href":"https:\/\/bohem.jezik.hr\/en\/wp-json\/wp\/v2\/pages\/12\/revisions"}],"predecessor-version":[{"id":481,"href":"https:\/\/bohem.jezik.hr\/en\/wp-json\/wp\/v2\/pages\/12\/revisions\/481"}],"wp:attachment":[{"href":"https:\/\/bohem.jezik.hr\/en\/wp-json\/wp\/v2\/media?parent=12"}],"curies":[{"name":"wp","href":"https:\/\/api.w.org\/{rel}","templated":true}]}}